{"id":99,"date":"2016-03-03T15:42:11","date_gmt":"2016-03-03T15:42:11","guid":{"rendered":"http:\/\/impremar.com.ar\/web\/?page_id=99"},"modified":"2016-03-03T18:03:49","modified_gmt":"2016-03-03T18:03:49","slug":"folletos","status":"publish","type":"page","link":"http:\/\/impremar.com.ar\/web\/folletos\/","title":{"rendered":"Folletos"},"content":{"rendered":"<p>En Impremar realizamos la impresi\u00f3n de distinto tipo de folletos como d\u00edpticos, tr\u00edpticos, etc&#8230;<\/p>\n<p><img loading=\"lazy\" decoding=\"async\" class=\"aligncenter size-full wp-image-103\" src=\"http:\/\/impremar.com.ar\/web\/wp-content\/uploads\/2016\/03\/DSC8058.jpg\" alt=\"impresion de cartas restaurante\" width=\"800\" height=\"530\" srcset=\"http:\/\/impremar.com.ar\/web\/wp-content\/uploads\/2016\/03\/DSC8058.jpg 800w, http:\/\/impremar.com.ar\/web\/wp-content\/uploads\/2016\/03\/DSC8058-300x199.jpg 300w, http:\/\/impremar.com.ar\/web\/wp-content\/uploads\/2016\/03\/DSC8058-768x509.jpg 768w\" sizes=\"auto, (max-width: 800px) 100vw, 800px\" \/><\/p>\n<p><img loading=\"lazy\" decoding=\"async\" class=\"aligncenter size-full wp-image-107\" src=\"http:\/\/impremar.com.ar\/web\/wp-content\/uploads\/2016\/03\/DSC8061.jpg\" alt=\"impresion alimenticios\" width=\"800\" height=\"530\" srcset=\"http:\/\/impremar.com.ar\/web\/wp-content\/uploads\/2016\/03\/DSC8061.jpg 800w, http:\/\/impremar.com.ar\/web\/wp-content\/uploads\/2016\/03\/DSC8061-300x199.jpg 300w, http:\/\/impremar.com.ar\/web\/wp-content\/uploads\/2016\/03\/DSC8061-768x509.jpg 768w\" sizes=\"auto, (max-width: 800px) 100vw, 800px\" \/><\/p>\n<p><img loading=\"lazy\" decoding=\"async\" class=\"aligncenter size-full wp-image-105\" src=\"http:\/\/impremar.com.ar\/web\/wp-content\/uploads\/2016\/03\/DSC8059.jpg\" alt=\"imprenta carta de comida\" width=\"800\" height=\"530\" srcset=\"http:\/\/impremar.com.ar\/web\/wp-content\/uploads\/2016\/03\/DSC8059.jpg 800w, http:\/\/impremar.com.ar\/web\/wp-content\/uploads\/2016\/03\/DSC8059-300x199.jpg 300w, http:\/\/impremar.com.ar\/web\/wp-content\/uploads\/2016\/03\/DSC8059-768x509.jpg 768w\" sizes=\"auto, (max-width: 800px) 100vw, 800px\" \/><\/p>\n<p><img loading=\"lazy\" decoding=\"async\" class=\"aligncenter size-full wp-image-109\" src=\"http:\/\/impremar.com.ar\/web\/wp-content\/uploads\/2016\/03\/DSC8064.jpg\" alt=\"imprenta lista de precios\" width=\"800\" height=\"530\" srcset=\"http:\/\/impremar.com.ar\/web\/wp-content\/uploads\/2016\/03\/DSC8064.jpg 800w, http:\/\/impremar.com.ar\/web\/wp-content\/uploads\/2016\/03\/DSC8064-300x199.jpg 300w, http:\/\/impremar.com.ar\/web\/wp-content\/uploads\/2016\/03\/DSC8064-768x509.jpg 768w\" sizes=\"auto, (max-width: 800px) 100vw, 800px\" \/><\/p>\n<p><img loading=\"lazy\" decoding=\"async\" class=\"aligncenter size-full wp-image-111\" src=\"http:\/\/impremar.com.ar\/web\/wp-content\/uploads\/2016\/03\/DSC8091.jpg\" alt=\"diptico impreso\" width=\"800\" height=\"530\" srcset=\"http:\/\/impremar.com.ar\/web\/wp-content\/uploads\/2016\/03\/DSC8091.jpg 800w, http:\/\/impremar.com.ar\/web\/wp-content\/uploads\/2016\/03\/DSC8091-300x199.jpg 300w, http:\/\/impremar.com.ar\/web\/wp-content\/uploads\/2016\/03\/DSC8091-768x509.jpg 768w\" sizes=\"auto, (max-width: 800px) 100vw, 800px\" \/><\/p>\n<p><img loading=\"lazy\" decoding=\"async\" class=\"aligncenter size-full wp-image-113\" src=\"http:\/\/impremar.com.ar\/web\/wp-content\/uploads\/2016\/03\/DSC8092.jpg\" alt=\"folleto impreso 4 colores\" width=\"800\" height=\"530\" srcset=\"http:\/\/impremar.com.ar\/web\/wp-content\/uploads\/2016\/03\/DSC8092.jpg 800w, http:\/\/impremar.com.ar\/web\/wp-content\/uploads\/2016\/03\/DSC8092-300x199.jpg 300w, http:\/\/impremar.com.ar\/web\/wp-content\/uploads\/2016\/03\/DSC8092-768x509.jpg 768w\" sizes=\"auto, (max-width: 800px) 100vw, 800px\" \/><\/p>\n<p><img loading=\"lazy\" decoding=\"async\" class=\"aligncenter size-full wp-image-101\" src=\"http:\/\/impremar.com.ar\/web\/wp-content\/uploads\/2016\/03\/DSC8096.jpg\" alt=\"impresion de triptico\" width=\"800\" height=\"530\" srcset=\"http:\/\/impremar.com.ar\/web\/wp-content\/uploads\/2016\/03\/DSC8096.jpg 800w, http:\/\/impremar.com.ar\/web\/wp-content\/uploads\/2016\/03\/DSC8096-300x199.jpg 300w, http:\/\/impremar.com.ar\/web\/wp-content\/uploads\/2016\/03\/DSC8096-768x509.jpg 768w\" sizes=\"auto, (max-width: 800px) 100vw, 800px\" \/><\/p>\n","protected":false},"excerpt":{"rendered":"<p>En Impremar realizamos la impresi\u00f3n de distinto tipo de folletos como d\u00edpticos, tr\u00edpticos, etc&#8230;<\/p>\n","protected":false},"author":2,"featured_media":101,"parent":0,"menu_order":0,"comment_status":"closed","ping_status":"closed","template":"","meta":{"footnotes":""},"class_list":["post-99","page","type-page","status-publish","has-post-thumbnail","czr-hentry"],"yoast_head":"<!-- This site is optimized with the Yoast SEO plugin v27.4 - https:\/\/yoast.com\/product\/yoast-seo-wordpress\/ -->\n<title>Folletos | IMPREMAR<\/title>\n<meta name=\"robots\" content=\"index, follow, max-snippet:-1, max-image-preview:large, max-video-preview:-1\" \/>\n<link rel=\"canonical\" href=\"http:\/\/impremar.com.ar\/web\/folletos\/\" \/>\n<meta property=\"og:locale\" content=\"es_ES\" \/>\n<meta property=\"og:type\" content=\"article\" \/>\n<meta property=\"og:title\" content=\"Folletos | IMPREMAR\" \/>\n<meta property=\"og:description\" content=\"En Impremar realizamos la impresi\u00f3n de distinto tipo de folletos como d\u00edpticos, tr\u00edpticos, etc&#8230;\" \/>\n<meta property=\"og:url\" content=\"http:\/\/impremar.com.ar\/web\/folletos\/\" \/>\n<meta property=\"og:site_name\" content=\"IMPREMAR\" \/>\n<meta property=\"article:publisher\" content=\"https:\/\/www.facebook.com\/impresosimpremar\" \/>\n<meta property=\"article:modified_time\" content=\"2016-03-03T18:03:49+00:00\" \/>\n<meta property=\"og:image\" content=\"http:\/\/impremar.com.ar\/web\/wp-content\/uploads\/2016\/03\/DSC8096.jpg\" \/>\n\t<meta property=\"og:image:width\" content=\"800\" \/>\n\t<meta property=\"og:image:height\" content=\"530\" \/>\n\t<meta property=\"og:image:type\" content=\"image\/jpeg\" \/>\n<meta name=\"twitter:card\" content=\"summary_large_image\" \/>\n<script type=\"application\/ld+json\" class=\"yoast-schema-graph\">{\"@context\":\"https:\\\/\\\/schema.org\",\"@graph\":[{\"@type\":\"WebPage\",\"@id\":\"http:\\\/\\\/impremar.com.ar\\\/web\\\/folletos\\\/\",\"url\":\"http:\\\/\\\/impremar.com.ar\\\/web\\\/folletos\\\/\",\"name\":\"Folletos | IMPREMAR\",\"isPartOf\":{\"@id\":\"http:\\\/\\\/impremar.com.ar\\\/web\\\/#website\"},\"primaryImageOfPage\":{\"@id\":\"http:\\\/\\\/impremar.com.ar\\\/web\\\/folletos\\\/#primaryimage\"},\"image\":{\"@id\":\"http:\\\/\\\/impremar.com.ar\\\/web\\\/folletos\\\/#primaryimage\"},\"thumbnailUrl\":\"http:\\\/\\\/impremar.com.ar\\\/web\\\/wp-content\\\/uploads\\\/2016\\\/03\\\/DSC8096.jpg\",\"datePublished\":\"2016-03-03T15:42:11+00:00\",\"dateModified\":\"2016-03-03T18:03:49+00:00\",\"breadcrumb\":{\"@id\":\"http:\\\/\\\/impremar.com.ar\\\/web\\\/folletos\\\/#breadcrumb\"},\"inLanguage\":\"es\",\"potentialAction\":[{\"@type\":\"ReadAction\",\"target\":[\"http:\\\/\\\/impremar.com.ar\\\/web\\\/folletos\\\/\"]}]},{\"@type\":\"ImageObject\",\"inLanguage\":\"es\",\"@id\":\"http:\\\/\\\/impremar.com.ar\\\/web\\\/folletos\\\/#primaryimage\",\"url\":\"http:\\\/\\\/impremar.com.ar\\\/web\\\/wp-content\\\/uploads\\\/2016\\\/03\\\/DSC8096.jpg\",\"contentUrl\":\"http:\\\/\\\/impremar.com.ar\\\/web\\\/wp-content\\\/uploads\\\/2016\\\/03\\\/DSC8096.jpg\",\"width\":800,\"height\":530},{\"@type\":\"BreadcrumbList\",\"@id\":\"http:\\\/\\\/impremar.com.ar\\\/web\\\/folletos\\\/#breadcrumb\",\"itemListElement\":[{\"@type\":\"ListItem\",\"position\":1,\"name\":\"Portada\",\"item\":\"http:\\\/\\\/impremar.com.ar\\\/web\\\/\"},{\"@type\":\"ListItem\",\"position\":2,\"name\":\"Folletos\"}]},{\"@type\":\"WebSite\",\"@id\":\"http:\\\/\\\/impremar.com.ar\\\/web\\\/#website\",\"url\":\"http:\\\/\\\/impremar.com.ar\\\/web\\\/\",\"name\":\"IMPREMAR\",\"description\":\"Imprenta en Caseros, Buenos Aires.\",\"publisher\":{\"@id\":\"http:\\\/\\\/impremar.com.ar\\\/web\\\/#organization\"},\"potentialAction\":[{\"@type\":\"SearchAction\",\"target\":{\"@type\":\"EntryPoint\",\"urlTemplate\":\"http:\\\/\\\/impremar.com.ar\\\/web\\\/?s={search_term_string}\"},\"query-input\":{\"@type\":\"PropertyValueSpecification\",\"valueRequired\":true,\"valueName\":\"search_term_string\"}}],\"inLanguage\":\"es\"},{\"@type\":\"Organization\",\"@id\":\"http:\\\/\\\/impremar.com.ar\\\/web\\\/#organization\",\"name\":\"Impremar\",\"url\":\"http:\\\/\\\/impremar.com.ar\\\/web\\\/\",\"logo\":{\"@type\":\"ImageObject\",\"inLanguage\":\"es\",\"@id\":\"http:\\\/\\\/impremar.com.ar\\\/web\\\/#\\\/schema\\\/logo\\\/image\\\/\",\"url\":\"http:\\\/\\\/impremar.com.ar\\\/web\\\/wp-content\\\/uploads\\\/2016\\\/03\\\/LOGO-IMPREMARch.png\",\"contentUrl\":\"http:\\\/\\\/impremar.com.ar\\\/web\\\/wp-content\\\/uploads\\\/2016\\\/03\\\/LOGO-IMPREMARch.png\",\"width\":187,\"height\":70,\"caption\":\"Impremar\"},\"image\":{\"@id\":\"http:\\\/\\\/impremar.com.ar\\\/web\\\/#\\\/schema\\\/logo\\\/image\\\/\"},\"sameAs\":[\"https:\\\/\\\/www.facebook.com\\\/impresosimpremar\"]}]}<\/script>\n<!-- \/ Yoast SEO plugin. -->","yoast_head_json":{"title":"Folletos | IMPREMAR","robots":{"index":"index","follow":"follow","max-snippet":"max-snippet:-1","max-image-preview":"max-image-preview:large","max-video-preview":"max-video-preview:-1"},"canonical":"http:\/\/impremar.com.ar\/web\/folletos\/","og_locale":"es_ES","og_type":"article","og_title":"Folletos | IMPREMAR","og_description":"En Impremar realizamos la impresi\u00f3n de distinto tipo de folletos como d\u00edpticos, tr\u00edpticos, etc&#8230;","og_url":"http:\/\/impremar.com.ar\/web\/folletos\/","og_site_name":"IMPREMAR","article_publisher":"https:\/\/www.facebook.com\/impresosimpremar","article_modified_time":"2016-03-03T18:03:49+00:00","og_image":[{"width":800,"height":530,"url":"http:\/\/impremar.com.ar\/web\/wp-content\/uploads\/2016\/03\/DSC8096.jpg","type":"image\/jpeg"}],"twitter_card":"summary_large_image","schema":{"@context":"https:\/\/schema.org","@graph":[{"@type":"WebPage","@id":"http:\/\/impremar.com.ar\/web\/folletos\/","url":"http:\/\/impremar.com.ar\/web\/folletos\/","name":"Folletos | IMPREMAR","isPartOf":{"@id":"http:\/\/impremar.com.ar\/web\/#website"},"primaryImageOfPage":{"@id":"http:\/\/impremar.com.ar\/web\/folletos\/#primaryimage"},"image":{"@id":"http:\/\/impremar.com.ar\/web\/folletos\/#primaryimage"},"thumbnailUrl":"http:\/\/impremar.com.ar\/web\/wp-content\/uploads\/2016\/03\/DSC8096.jpg","datePublished":"2016-03-03T15:42:11+00:00","dateModified":"2016-03-03T18:03:49+00:00","breadcrumb":{"@id":"http:\/\/impremar.com.ar\/web\/folletos\/#breadcrumb"},"inLanguage":"es","potentialAction":[{"@type":"ReadAction","target":["http:\/\/impremar.com.ar\/web\/folletos\/"]}]},{"@type":"ImageObject","inLanguage":"es","@id":"http:\/\/impremar.com.ar\/web\/folletos\/#primaryimage","url":"http:\/\/impremar.com.ar\/web\/wp-content\/uploads\/2016\/03\/DSC8096.jpg","contentUrl":"http:\/\/impremar.com.ar\/web\/wp-content\/uploads\/2016\/03\/DSC8096.jpg","width":800,"height":530},{"@type":"BreadcrumbList","@id":"http:\/\/impremar.com.ar\/web\/folletos\/#breadcrumb","itemListElement":[{"@type":"ListItem","position":1,"name":"Portada","item":"http:\/\/impremar.com.ar\/web\/"},{"@type":"ListItem","position":2,"name":"Folletos"}]},{"@type":"WebSite","@id":"http:\/\/impremar.com.ar\/web\/#website","url":"http:\/\/impremar.com.ar\/web\/","name":"IMPREMAR","description":"Imprenta en Caseros, Buenos Aires.","publisher":{"@id":"http:\/\/impremar.com.ar\/web\/#organization"},"potentialAction":[{"@type":"SearchAction","target":{"@type":"EntryPoint","urlTemplate":"http:\/\/impremar.com.ar\/web\/?s={search_term_string}"},"query-input":{"@type":"PropertyValueSpecification","valueRequired":true,"valueName":"search_term_string"}}],"inLanguage":"es"},{"@type":"Organization","@id":"http:\/\/impremar.com.ar\/web\/#organization","name":"Impremar","url":"http:\/\/impremar.com.ar\/web\/","logo":{"@type":"ImageObject","inLanguage":"es","@id":"http:\/\/impremar.com.ar\/web\/#\/schema\/logo\/image\/","url":"http:\/\/impremar.com.ar\/web\/wp-content\/uploads\/2016\/03\/LOGO-IMPREMARch.png","contentUrl":"http:\/\/impremar.com.ar\/web\/wp-content\/uploads\/2016\/03\/LOGO-IMPREMARch.png","width":187,"height":70,"caption":"Impremar"},"image":{"@id":"http:\/\/impremar.com.ar\/web\/#\/schema\/logo\/image\/"},"sameAs":["https:\/\/www.facebook.com\/impresosimpremar"]}]}},"_links":{"self":[{"href":"http:\/\/impremar.com.ar\/web\/wp-json\/wp\/v2\/pages\/99","targetHints":{"allow":["GET"]}}],"collection":[{"href":"http:\/\/impremar.com.ar\/web\/wp-json\/wp\/v2\/pages"}],"about":[{"href":"http:\/\/impremar.com.ar\/web\/wp-json\/wp\/v2\/types\/page"}],"author":[{"embeddable":true,"href":"http:\/\/impremar.com.ar\/web\/wp-json\/wp\/v2\/users\/2"}],"replies":[{"embeddable":true,"href":"http:\/\/impremar.com.ar\/web\/wp-json\/wp\/v2\/comments?post=99"}],"version-history":[{"count":2,"href":"http:\/\/impremar.com.ar\/web\/wp-json\/wp\/v2\/pages\/99\/revisions"}],"predecessor-version":[{"id":255,"href":"http:\/\/impremar.com.ar\/web\/wp-json\/wp\/v2\/pages\/99\/revisions\/255"}],"wp:featuredmedia":[{"embeddable":true,"href":"http:\/\/impremar.com.ar\/web\/wp-json\/wp\/v2\/media\/101"}],"wp:attachment":[{"href":"http:\/\/impremar.com.ar\/web\/wp-json\/wp\/v2\/media?parent=99"}],"curies":[{"name":"wp","href":"https:\/\/api.w.org\/{rel}","templated":true}]}}